{"id":260,"date":"2025-02-07T14:12:39","date_gmt":"2025-02-07T13:12:39","guid":{"rendered":"https:\/\/kinesiologie-mouvement.com\/?page_id=260"},"modified":"2025-02-07T14:30:55","modified_gmt":"2025-02-07T13:30:55","slug":"seance-individuelle","status":"publish","type":"page","link":"https:\/\/kinesiologie-mouvement.com\/index.php\/seance-individuelle\/","title":{"rendered":"S\u00e9ance individuelle de kin\u00e9siologie"},"content":{"rendered":"<h2 class=\"wp-block-heading\">S\u00e9ance individuelle<\/h2><style>.kb-row-layout-id260_e53a2a-50 > .kt-row-column-wrap{align-content:center;}:where(.kb-row-layout-id260_e53a2a-50 > .kt-row-column-wrap) > .wp-block-kadence-column{justify-content:center;}.kb-row-layout-id260_e53a2a-50 > .kt-row-column-wrap{column-gap:var(--global-kb-gap-md, 2rem);row-gap:var(--global-kb-gap-md, 2rem);max-width:var( --global-content-width, 1290px );padding-left:var(--global-content-edge-padding);padding-right:var(--global-content-edge-padding);padding-top:var(--global-kb-spacing-xxl, 5rem);padding-bottom:var(--global-kb-spacing-xxl, 5rem);grid-template-columns:minmax(0, calc(50% - ((var(--global-kb-gap-md, 2rem) * 1 )\/2)))minmax(0, calc(50% - ((var(--global-kb-gap-md, 2rem) * 1 )\/2)));}.kb-row-layout-id260_e53a2a-50{background-image:url('http:\/\/kinesiologie-mouvement.com\/wp-content\/uploads\/2024\/10\/service-1.jpg');background-size:cover;background-position:49% 51%;background-attachment:scroll;background-repeat:no-repeat;}.kb-row-layout-id260_e53a2a-50 > .kt-row-layout-overlay{opacity:1;background:linear-gradient(90deg,var(--global-palette8,#F7FAFC) 41%,rgba(247,250,252,0) 100%);}@media all and (max-width: 1024px){.kb-row-layout-id260_e53a2a-50 > .kt-row-column-wrap{grid-template-columns:minmax(0, 1fr);}}@media all and (max-width: 1024px){.kb-row-layout-id260_e53a2a-50 > .kt-row-layout-overlay{opacity:1;background:linear-gradient(180deg,var(--global-palette8,#F7FAFC) 53%,rgba(247,250,252,0) 100%);}}@media all and (max-width: 767px){.kb-row-layout-id260_e53a2a-50 > .kt-row-column-wrap{grid-template-columns:minmax(0, 1fr);}}<\/style><div class=\"kb-row-layout-wrap kb-row-layout-id260_e53a2a-50 alignfull kt-row-has-bg wp-block-kadence-rowlayout\"><div class=\"kt-row-layout-overlay kt-row-overlay-gradient\"><\/div><div class=\"kt-row-column-wrap kt-has-2-columns kt-row-layout-equal kt-tab-layout-row kt-mobile-layout-row kt-row-valign-middle kb-theme-content-width\">\n<style>.kadence-column260_155d2e-d6 > .kt-inside-inner-col,.kadence-column260_155d2e-d6 > .kt-inside-inner-col:before{border-top-left-radius:0px;border-top-right-radius:0px;border-bottom-right-radius:0px;border-bottom-left-radius:0px;}.kadence-column260_155d2e-d6 > .kt-inside-inner-col{column-gap:var(--global-kb-gap-sm, 1rem);}.kadence-column260_155d2e-d6 > .kt-inside-inner-col{flex-direction:column;}.kadence-column260_155d2e-d6 > .kt-inside-inner-col > .aligncenter{width:100%;}.kadence-column260_155d2e-d6 > .kt-inside-inner-col:before{opacity:0.3;}.kadence-column260_155d2e-d6{position:relative;}@media all and (max-width: 1024px){.kadence-column260_155d2e-d6{text-align:center;}}@media all and (max-width: 1024px){.kadence-column260_155d2e-d6 > .kt-inside-inner-col{flex-direction:column;justify-content:center;}}@media all and (max-width: 767px){.kadence-column260_155d2e-d6 > .kt-inside-inner-col{flex-direction:column;justify-content:center;}}<\/style>\n<div class=\"wp-block-kadence-column kadence-column260_155d2e-d6 kb-section-dir-vertical inner-column-1\"><div class=\"kt-inside-inner-col\"><style>.wp-block-kadence-advancedheading.kt-adv-heading260_fbd666-73, .wp-block-kadence-advancedheading.kt-adv-heading260_fbd666-73[data-kb-block=\"kb-adv-heading260_fbd666-73\"]{display:block;margin-bottom:var(--global-kb-spacing-xs, 1rem);font-style:normal;text-transform:uppercase;}.wp-block-kadence-advancedheading.kt-adv-heading260_fbd666-73 mark.kt-highlight, .wp-block-kadence-advancedheading.kt-adv-heading260_fbd666-73[data-kb-block=\"kb-adv-heading260_fbd666-73\"] mark.kt-highlight{font-style:normal;color:#f76a0c;-webkit-box-decoration-break:clone;box-decoration-break:clone;padding-top:0px;padding-right:0px;padding-bottom:0px;padding-left:0px;}.wp-block-kadence-advancedheading.kt-adv-heading260_fbd666-73 img.kb-inline-image, .wp-block-kadence-advancedheading.kt-adv-heading260_fbd666-73[data-kb-block=\"kb-adv-heading260_fbd666-73\"] img.kb-inline-image{width:150px;vertical-align:baseline;}<\/style>\n<span class=\"kt-adv-heading260_fbd666-73 wp-block-kadence-advancedheading has-theme-palette-1-color has-text-color\" data-kb-block=\"kb-adv-heading260_fbd666-73\"><a href=\"https:\/\/kinesiologie-mouvement.com\/\">retour<\/a><\/span>\n\n<style>.wp-block-kadence-advancedheading.kt-adv-heading260_47a519-a5, .wp-block-kadence-advancedheading.kt-adv-heading260_47a519-a5[data-kb-block=\"kb-adv-heading260_47a519-a5\"]{margin-top:0px;margin-bottom:var(--global-kb-spacing-lg, 3rem);font-size:var(--global-kb-font-size-xl, 3rem);line-height:1.2;font-style:normal;}.wp-block-kadence-advancedheading.kt-adv-heading260_47a519-a5 mark.kt-highlight, .wp-block-kadence-advancedheading.kt-adv-heading260_47a519-a5[data-kb-block=\"kb-adv-heading260_47a519-a5\"] mark.kt-highlight{font-style:normal;color:#f76a0c;-webkit-box-decoration-break:clone;box-decoration-break:clone;padding-top:0px;padding-right:0px;padding-bottom:0px;padding-left:0px;}.wp-block-kadence-advancedheading.kt-adv-heading260_47a519-a5 img.kb-inline-image, .wp-block-kadence-advancedheading.kt-adv-heading260_47a519-a5[data-kb-block=\"kb-adv-heading260_47a519-a5\"] img.kb-inline-image{width:150px;vertical-align:baseline;}@media all and (max-width: 1024px){.wp-block-kadence-advancedheading.kt-adv-heading260_47a519-a5, .wp-block-kadence-advancedheading.kt-adv-heading260_47a519-a5[data-kb-block=\"kb-adv-heading260_47a519-a5\"]{text-align:center!important;}}<\/style>\n<h1 class=\"kt-adv-heading260_47a519-a5 wp-block-kadence-advancedheading has-theme-palette-3-color has-text-color\" data-kb-block=\"kb-adv-heading260_47a519-a5\">\u00ab&nbsp;Le corps est la porte pour acc\u00e9der \u00e0 ses \u00e9motions&nbsp;\u00bb<\/h1>\n\n<style>.wp-block-kadence-advancedheading.kt-adv-heading260_5b4cc3-95, .wp-block-kadence-advancedheading.kt-adv-heading260_5b4cc3-95[data-kb-block=\"kb-adv-heading260_5b4cc3-95\"]{font-style:normal;}.wp-block-kadence-advancedheading.kt-adv-heading260_5b4cc3-95 mark.kt-highlight, .wp-block-kadence-advancedheading.kt-adv-heading260_5b4cc3-95[data-kb-block=\"kb-adv-heading260_5b4cc3-95\"] mark.kt-highlight{font-style:normal;color:#f76a0c;-webkit-box-decoration-break:clone;box-decoration-break:clone;padding-top:0px;padding-right:0px;padding-bottom:0px;padding-left:0px;}.wp-block-kadence-advancedheading.kt-adv-heading260_5b4cc3-95 img.kb-inline-image, .wp-block-kadence-advancedheading.kt-adv-heading260_5b4cc3-95[data-kb-block=\"kb-adv-heading260_5b4cc3-95\"] img.kb-inline-image{width:150px;vertical-align:baseline;}@media all and (max-width: 1024px){.wp-block-kadence-advancedheading.kt-adv-heading260_5b4cc3-95, .wp-block-kadence-advancedheading.kt-adv-heading260_5b4cc3-95[data-kb-block=\"kb-adv-heading260_5b4cc3-95\"]{text-align:center!important;}}<\/style>\n<p class=\"kt-adv-heading260_5b4cc3-95 wp-block-kadence-advancedheading has-theme-palette-4-color has-text-color\" data-kb-block=\"kb-adv-heading260_5b4cc3-95\"><br>Trouver des cl\u00e9s pour am\u00e9liorer le quotidien, y mettre plus de joie et de douceur c\u2019est quelque chose qui m\u2019anime vraiment. Que chacun puisse \u00eatre autonome dans son bien-\u00eatre \u00e9galement. J\u2019ai commenc\u00e9 en exer\u00e7ant la profession de masseuse. Une autre fa\u00e7on de se reconnecter \u00e0 son corps. Puis j\u2019ai d\u00e9cid\u00e9 de me diriger vers la kin\u00e9siologie.\u00a0<br><br>En s\u00e9ance j\u2019utilise l\u2019\u00c9ducation kinesth\u00e9sique. Cette approche permet de retrouver notre rythme, de lib\u00e9rer notre intelligence inn\u00e9e et d\u2019exprimer notre plein potentiel. Et cela dans tous les domaines de notre vie: \u00e0 l\u2019\u00e9cole, au travail, dans nos relations , dans nos activit\u00e9s sportive, musicale, artistique \u2026<br>L\u2019auto-observation et le mouvement sont le fondement de l\u2019Education Kinesth\u00e9sique.<\/p>\n\n<p>C\u2019est une m\u00e9thode p\u00e9dagogique et \u00e9ducative qui vise \u00e0 accompagner toute personne vers un meilleur \u00e9quilibre sur les plans mental, \u00e9motionnel, physique et \u00e9nerg\u00e9tique.<br><br>Elle permet aux personnes de lib\u00e9rer leurs stress, pour avancer avec s\u00e9r\u00e9nit\u00e9, confiance, et \u00e9nergie.<\/p><\/div><\/div>\n\n<style>.kadence-column260_2a436a-2f > .kt-inside-inner-col,.kadence-column260_2a436a-2f > .kt-inside-inner-col:before{border-top-left-radius:0px;border-top-right-radius:0px;border-bottom-right-radius:0px;border-bottom-left-radius:0px;}.kadence-column260_2a436a-2f > .kt-inside-inner-col{column-gap:var(--global-kb-gap-sm, 1rem);}.kadence-column260_2a436a-2f > .kt-inside-inner-col{flex-direction:column;}.kadence-column260_2a436a-2f > .kt-inside-inner-col > .aligncenter{width:100%;}.kadence-column260_2a436a-2f > .kt-inside-inner-col:before{opacity:0.3;}.kadence-column260_2a436a-2f{position:relative;}@media all and (max-width: 1024px){.kadence-column260_2a436a-2f > .kt-inside-inner-col{flex-direction:column;justify-content:center;}}@media all and (max-width: 767px){.kadence-column260_2a436a-2f > .kt-inside-inner-col{flex-direction:column;justify-content:center;}}<\/style>\n<div class=\"wp-block-kadence-column kadence-column260_2a436a-2f kvs-md-false kvs-sm-false inner-column-2\"><div class=\"kt-inside-inner-col\"><\/div><\/div>\n<\/div><\/div>","protected":false},"excerpt":{"rendered":"<p>S\u00e9ance individuelle retour \u00ab&nbsp;Le corps est la porte pour acc\u00e9der \u00e0 ses \u00e9motions&nbsp;\u00bb Trouver des cl\u00e9s pour am\u00e9liorer le quotidien, y mettre plus de joie et de douceur c\u2019est quelque chose qui m\u2019anime vraiment. Que chacun puisse \u00eatre autonome dans son bien-\u00eatre \u00e9galement. J\u2019ai commenc\u00e9 en exer\u00e7ant la profession de masseuse. Une autre fa\u00e7on de&#8230;<\/p>\n","protected":false},"author":3,"featured_media":0,"parent":0,"menu_order":0,"comment_status":"closed","ping_status":"closed","template":"","meta":{"_kadence_starter_templates_imported_post":false,"_kad_post_transparent":"","_kad_post_title":"","_kad_post_layout":"","_kad_post_sidebar_id":"","_kad_post_content_style":"","_kad_post_vertical_padding":"","_kad_post_feature":"","_kad_post_feature_position":"","_kad_post_header":false,"_kad_post_footer":false,"footnotes":""},"class_list":["post-260","page","type-page","status-publish","hentry"],"jetpack_sharing_enabled":true,"_links":{"self":[{"href":"https:\/\/kinesiologie-mouvement.com\/index.php\/wp-json\/wp\/v2\/pages\/260","targetHints":{"allow":["GET"]}}],"collection":[{"href":"https:\/\/kinesiologie-mouvement.com\/index.php\/wp-json\/wp\/v2\/pages"}],"about":[{"href":"https:\/\/kinesiologie-mouvement.com\/index.php\/wp-json\/wp\/v2\/types\/page"}],"author":[{"embeddable":true,"href":"https:\/\/kinesiologie-mouvement.com\/index.php\/wp-json\/wp\/v2\/users\/3"}],"replies":[{"embeddable":true,"href":"https:\/\/kinesiologie-mouvement.com\/index.php\/wp-json\/wp\/v2\/comments?post=260"}],"version-history":[{"count":3,"href":"https:\/\/kinesiologie-mouvement.com\/index.php\/wp-json\/wp\/v2\/pages\/260\/revisions"}],"predecessor-version":[{"id":269,"href":"https:\/\/kinesiologie-mouvement.com\/index.php\/wp-json\/wp\/v2\/pages\/260\/revisions\/269"}],"wp:attachment":[{"href":"https:\/\/kinesiologie-mouvement.com\/index.php\/wp-json\/wp\/v2\/media?parent=260"}],"curies":[{"name":"wp","href":"https:\/\/api.w.org\/{rel}","templated":true}]}}